{"id":154,"date":"2020-02-22T15:52:24","date_gmt":"2020-02-22T15:52:24","guid":{"rendered":"http:\/\/nuss-rottweiler.de\/?page_id=154"},"modified":"2020-08-04T20:25:09","modified_gmt":"2020-08-04T20:25:09","slug":"wurfplanung","status":"publish","type":"page","link":"http:\/\/nuss-rottweiler.de\/?page_id=154","title":{"rendered":"Wurfplanung"},"content":{"rendered":"\n<p>Unsere W\u00fcrfe werden im Haus geboren. Der Wurfraum ist gefliest und mit Fu\u00dfbodenheizung ausgestattet, welche die optimale Aufzucht-Temperatur gew\u00e4hrleistet. Von Geburt an stehen die Welpen unter tier\u00e4rztlicher Kontrolle und bekommen die notwendigen Entwurmungen und Impfungen. Ab der 3. Woche k\u00f6nnen die Welpen vom Wurfraum in dem wettergesch\u00fctzten Auslauf die Welt erkunden. <br><br><strong>Da wir nur wenige W\u00fcrfe im Jahr haben, ist eine fr\u00fchzeitige Reservierung unabdingbar.<\/strong> Wenden Sie sich \u00fcber unsere Kontaktdaten an uns. <\/p>\n\n\n\n<div class=\"wp-block-button aligncenter is-style-squared\"><a class=\"wp-block-button__link\" href=\"http:\/\/nuss-rottweiler.de\/?page_id=41\">Kontakt<\/a><\/div>\n\n\n\n<ul class=\"wp-block-gallery columns-3 is-cropped wp-block-gallery-1 is-layout-flex wp-block-gallery-is-layout-flex\"><li class=\"blocks-gallery-item\"><figure><img loading=\"lazy\" decoding=\"async\" width=\"1024\" height=\"768\" src=\"http:\/\/nuss-rottweiler.de\/wp-content\/uploads\/2020\/08\/31d3be90-66e1-4934-9ab4-ba127042d7c7-1024x768.jpg\" alt=\"\" data-id=\"315\" data-link=\"http:\/\/nuss-rottweiler.de\/?attachment_id=315\" class=\"wp-image-315\" srcset=\"http:\/\/nuss-rottweiler.de\/wp-content\/uploads\/2020\/08\/31d3be90-66e1-4934-9ab4-ba127042d7c7-1024x768.jpg 1024w, http:\/\/nuss-rottweiler.de\/wp-content\/uploads\/2020\/08\/31d3be90-66e1-4934-9ab4-ba127042d7c7-300x225.jpg 300w, http:\/\/nuss-rottweiler.de\/wp-content\/uploads\/2020\/08\/31d3be90-66e1-4934-9ab4-ba127042d7c7-768x576.jpg 768w, http:\/\/nuss-rottweiler.de\/wp-content\/uploads\/2020\/08\/31d3be90-66e1-4934-9ab4-ba127042d7c7.jpg 1600w\" sizes=\"auto, (max-width: 1024px) 100vw, 1024px\" \/><\/figure><\/li><li class=\"blocks-gallery-item\"><figure><img loading=\"lazy\" decoding=\"async\" width=\"1024\" height=\"576\" src=\"http:\/\/nuss-rottweiler.de\/wp-content\/uploads\/2020\/08\/0be367f1-2423-42d0-891a-79e6816bf73e-1024x576.jpg\" alt=\"\" data-id=\"316\" data-link=\"http:\/\/nuss-rottweiler.de\/?attachment_id=316\" class=\"wp-image-316\" srcset=\"http:\/\/nuss-rottweiler.de\/wp-content\/uploads\/2020\/08\/0be367f1-2423-42d0-891a-79e6816bf73e-1024x576.jpg 1024w, http:\/\/nuss-rottweiler.de\/wp-content\/uploads\/2020\/08\/0be367f1-2423-42d0-891a-79e6816bf73e-300x169.jpg 300w, http:\/\/nuss-rottweiler.de\/wp-content\/uploads\/2020\/08\/0be367f1-2423-42d0-891a-79e6816bf73e-768x432.jpg 768w, http:\/\/nuss-rottweiler.de\/wp-content\/uploads\/2020\/08\/0be367f1-2423-42d0-891a-79e6816bf73e.jpg 1600w\" sizes=\"auto, (max-width: 1024px) 100vw, 1024px\" \/><\/figure><\/li><li class=\"blocks-gallery-item\"><figure><img loading=\"lazy\" decoding=\"async\" width=\"768\" height=\"1024\" src=\"http:\/\/nuss-rottweiler.de\/wp-content\/uploads\/2020\/08\/4ec13ca3-d048-40a6-8f72-1e1693109f9c-768x1024.jpg\" alt=\"\" data-id=\"317\" data-link=\"http:\/\/nuss-rottweiler.de\/?attachment_id=317\" class=\"wp-image-317\" srcset=\"http:\/\/nuss-rottweiler.de\/wp-content\/uploads\/2020\/08\/4ec13ca3-d048-40a6-8f72-1e1693109f9c-768x1024.jpg 768w, http:\/\/nuss-rottweiler.de\/wp-content\/uploads\/2020\/08\/4ec13ca3-d048-40a6-8f72-1e1693109f9c-225x300.jpg 225w, http:\/\/nuss-rottweiler.de\/wp-content\/uploads\/2020\/08\/4ec13ca3-d048-40a6-8f72-1e1693109f9c.jpg 856w\" sizes=\"auto, (max-width: 768px) 100vw, 768px\" \/><\/figure><\/li><li class=\"blocks-gallery-item\"><figure><img loading=\"lazy\" decoding=\"async\" width=\"1024\" height=\"921\" src=\"http:\/\/nuss-rottweiler.de\/wp-content\/uploads\/2020\/08\/cb7d6308-b555-4ea7-aded-550f175ae5dd-1024x921.jpg\" alt=\"\" data-id=\"319\" data-link=\"http:\/\/nuss-rottweiler.de\/?attachment_id=319\" class=\"wp-image-319\" srcset=\"http:\/\/nuss-rottweiler.de\/wp-content\/uploads\/2020\/08\/cb7d6308-b555-4ea7-aded-550f175ae5dd-1024x921.jpg 1024w, http:\/\/nuss-rottweiler.de\/wp-content\/uploads\/2020\/08\/cb7d6308-b555-4ea7-aded-550f175ae5dd-300x270.jpg 300w, http:\/\/nuss-rottweiler.de\/wp-content\/uploads\/2020\/08\/cb7d6308-b555-4ea7-aded-550f175ae5dd-768x691.jpg 768w, http:\/\/nuss-rottweiler.de\/wp-content\/uploads\/2020\/08\/cb7d6308-b555-4ea7-aded-550f175ae5dd.jpg 1152w\" sizes=\"auto, (max-width: 1024px) 100vw, 1024px\" \/><\/figure><\/li><li class=\"blocks-gallery-item\"><figure><img loading=\"lazy\" decoding=\"async\" width=\"1024\" height=\"768\" src=\"http:\/\/nuss-rottweiler.de\/wp-content\/uploads\/2020\/08\/fd0278be-e6e0-45cf-87ff-55cf7da7cce4-1024x768.jpg\" alt=\"\" data-id=\"320\" data-link=\"http:\/\/nuss-rottweiler.de\/?attachment_id=320\" class=\"wp-image-320\" srcset=\"http:\/\/nuss-rottweiler.de\/wp-content\/uploads\/2020\/08\/fd0278be-e6e0-45cf-87ff-55cf7da7cce4-1024x768.jpg 1024w, http:\/\/nuss-rottweiler.de\/wp-content\/uploads\/2020\/08\/fd0278be-e6e0-45cf-87ff-55cf7da7cce4-300x225.jpg 300w, http:\/\/nuss-rottweiler.de\/wp-content\/uploads\/2020\/08\/fd0278be-e6e0-45cf-87ff-55cf7da7cce4-768x576.jpg 768w, http:\/\/nuss-rottweiler.de\/wp-content\/uploads\/2020\/08\/fd0278be-e6e0-45cf-87ff-55cf7da7cce4.jpg 1600w\" sizes=\"auto, (max-width: 1024px) 100vw, 1024px\" \/><\/figure><\/li><\/ul>\n","protected":false},"excerpt":{"rendered":"<p>Unsere W\u00fcrfe werden im Haus geboren. Der Wurfraum ist gefliest und mit Fu\u00dfbodenheizung ausgestattet, welche die optimale Aufzucht-Temperatur gew\u00e4hrleistet. Von Geburt an stehen die Welpen unter tier\u00e4rztlicher Kontrolle und bekommen die notwendigen Entwurmungen und Impfungen. Ab der 3. Woche k\u00f6nnen die Welpen vom Wurfraum in dem wettergesch\u00fctzten Auslauf die Welt [&hellip;]<\/p>\n","protected":false},"author":1,"featured_media":0,"parent":0,"menu_order":0,"comment_status":"closed","ping_status":"closed","template":"","meta":{"footnotes":""},"class_list":["post-154","page","type-page","status-publish","hentry"],"_links":{"self":[{"href":"http:\/\/nuss-rottweiler.de\/index.php?rest_route=\/wp\/v2\/pages\/154","targetHints":{"allow":["GET"]}}],"collection":[{"href":"http:\/\/nuss-rottweiler.de\/index.php?rest_route=\/wp\/v2\/pages"}],"about":[{"href":"http:\/\/nuss-rottweiler.de\/index.php?rest_route=\/wp\/v2\/types\/page"}],"author":[{"embeddable":true,"href":"http:\/\/nuss-rottweiler.de\/index.php?rest_route=\/wp\/v2\/users\/1"}],"replies":[{"embeddable":true,"href":"http:\/\/nuss-rottweiler.de\/index.php?rest_route=%2Fwp%2Fv2%2Fcomments&post=154"}],"version-history":[{"count":5,"href":"http:\/\/nuss-rottweiler.de\/index.php?rest_route=\/wp\/v2\/pages\/154\/revisions"}],"predecessor-version":[{"id":321,"href":"http:\/\/nuss-rottweiler.de\/index.php?rest_route=\/wp\/v2\/pages\/154\/revisions\/321"}],"wp:attachment":[{"href":"http:\/\/nuss-rottweiler.de\/index.php?rest_route=%2Fwp%2Fv2%2Fmedia&parent=154"}],"curies":[{"name":"wp","href":"https:\/\/api.w.org\/{rel}","templated":true}]}}